{"id":578,"date":"2021-02-07T21:23:26","date_gmt":"2021-02-07T21:23:26","guid":{"rendered":"https:\/\/bruggemanyeast.com\/expert-products\/"},"modified":"2021-10-01T07:30:07","modified_gmt":"2021-10-01T07:30:07","slug":"produits-experts","status":"publish","type":"page","link":"https:\/\/bruggemanyeast.com\/fr\/produits-experts\/","title":{"rendered":"Produits experts"},"content":{"rendered":"<p>Natural living instant yeast in a dehydrated dry form: high and stable fermentation capacity, convenient, for all baking techniques and bread.<\/p>\n","protected":false},"excerpt":{"rendered":"<p>Natural living instant yeast in a dehydrated dry form: high and stable fermentation capacity, convenient, for all baking techniques and bread. [&#8230;]<\/p>\n<p><a class=\"btn btn-secondary understrap-read-more-link\" href=\"https:\/\/bruggemanyeast.com\/fr\/produits-experts\/\">Lire la suite&#8230;<\/a><\/p>\n","protected":false},"author":1,"featured_media":0,"parent":0,"menu_order":0,"comment_status":"closed","ping_status":"closed","template":"page-templates\/products-template.php","meta":{"_acf_changed":false,"footnotes":""},"class_list":["post-578","page","type-page","status-publish","hentry"],"acf":[],"yoast_head":"<!-- This site is optimized with the Yoast SEO plugin v23.0 - https:\/\/yoast.com\/wordpress\/plugins\/seo\/ -->\n<title>Levure s\u00e8che instantan\u00e9e pour pain\u00a0| Levure Bruggeman<\/title>\n<meta name=\"description\" content=\"Levure vivante naturelle instantan\u00e9e sous forme lyophilis\u00e9e\u00a0: capacit\u00e9 de fermentation \u00e9lev\u00e9e et stable, pratique, pour toutes les techniques de boulangerie et tous les types de pains.\" \/>\n<meta name=\"robots\" content=\"index, follow, max-snippet:-1, max-image-preview:large, max-video-preview:-1\" \/>\n<link rel=\"canonical\" href=\"https:\/\/bruggemanyeast.com\/fr\/produits-experts\/\" \/>\n<meta property=\"og:locale\" content=\"fr_FR\" \/>\n<meta property=\"og:type\" content=\"article\" \/>\n<meta property=\"og:title\" content=\"Levure s\u00e8che instantan\u00e9e pour pain\u00a0| Levure Bruggeman\" \/>\n<meta property=\"og:description\" content=\"Levure vivante naturelle instantan\u00e9e sous forme lyophilis\u00e9e\u00a0: capacit\u00e9 de fermentation \u00e9lev\u00e9e et stable, pratique, pour toutes les techniques de boulangerie et tous les types de pains.\" \/>\n<meta property=\"og:url\" content=\"https:\/\/bruggemanyeast.com\/fr\/produits-experts\/\" \/>\n<meta property=\"og:site_name\" content=\"Bruggeman\" \/>\n<meta property=\"article:modified_time\" content=\"2021-10-01T07:30:07+00:00\" \/>\n<meta name=\"twitter:card\" content=\"summary_large_image\" \/>\n<meta name=\"twitter:label1\" content=\"Dur\u00e9e de lecture estim\u00e9e\" \/>\n\t<meta name=\"twitter:data1\" content=\"1 minute\" \/>\n<script type=\"application\/ld+json\" class=\"yoast-schema-graph\">{\"@context\":\"https:\/\/schema.org\",\"@graph\":[{\"@type\":[\"WebPage\",\"ItemPage\"],\"@id\":\"https:\/\/bruggemanyeast.com\/fr\/produits-experts\/\",\"url\":\"https:\/\/bruggemanyeast.com\/fr\/produits-experts\/\",\"name\":\"Levure s\u00e8che instantan\u00e9e pour pain\u00a0| Levure Bruggeman\",\"isPartOf\":{\"@id\":\"https:\/\/bruggemanyeast.com\/#website\"},\"datePublished\":\"2021-02-07T21:23:26+00:00\",\"dateModified\":\"2021-10-01T07:30:07+00:00\",\"description\":\"Levure vivante naturelle instantan\u00e9e sous forme lyophilis\u00e9e\u00a0: capacit\u00e9 de fermentation \u00e9lev\u00e9e et stable, pratique, pour toutes les techniques de boulangerie et tous les types de pains.\",\"breadcrumb\":{\"@id\":\"https:\/\/bruggemanyeast.com\/fr\/produits-experts\/#breadcrumb\"},\"inLanguage\":\"fr-FR\",\"potentialAction\":[{\"@type\":\"ReadAction\",\"target\":[\"https:\/\/bruggemanyeast.com\/fr\/produits-experts\/\"]}]},{\"@type\":\"BreadcrumbList\",\"@id\":\"https:\/\/bruggemanyeast.com\/fr\/produits-experts\/#breadcrumb\",\"itemListElement\":[{\"@type\":\"ListItem\",\"position\":1,\"name\":\"Home\",\"item\":\"https:\/\/bruggemanyeast.com\/fr\/\"},{\"@type\":\"ListItem\",\"position\":2,\"name\":\"Produits experts\"}]},{\"@type\":\"WebSite\",\"@id\":\"https:\/\/bruggemanyeast.com\/#website\",\"url\":\"https:\/\/bruggemanyeast.com\/\",\"name\":\"Bruggeman\",\"description\":\"Boosting Bakers Since 1949\",\"potentialAction\":[{\"@type\":\"SearchAction\",\"target\":{\"@type\":\"EntryPoint\",\"urlTemplate\":\"https:\/\/bruggemanyeast.com\/?s={search_term_string}\"},\"query-input\":\"required name=search_term_string\"}],\"inLanguage\":\"fr-FR\"}]}<\/script>\n<!-- \/ Yoast SEO plugin. -->","yoast_head_json":{"title":"Levure s\u00e8che instantan\u00e9e pour pain\u00a0| Levure Bruggeman","description":"Levure vivante naturelle instantan\u00e9e sous forme lyophilis\u00e9e\u00a0: capacit\u00e9 de fermentation \u00e9lev\u00e9e et stable, pratique, pour toutes les techniques de boulangerie et tous les types de pains.","robots":{"index":"index","follow":"follow","max-snippet":"max-snippet:-1","max-image-preview":"max-image-preview:large","max-video-preview":"max-video-preview:-1"},"canonical":"https:\/\/bruggemanyeast.com\/fr\/produits-experts\/","og_locale":"fr_FR","og_type":"article","og_title":"Levure s\u00e8che instantan\u00e9e pour pain\u00a0| Levure Bruggeman","og_description":"Levure vivante naturelle instantan\u00e9e sous forme lyophilis\u00e9e\u00a0: capacit\u00e9 de fermentation \u00e9lev\u00e9e et stable, pratique, pour toutes les techniques de boulangerie et tous les types de pains.","og_url":"https:\/\/bruggemanyeast.com\/fr\/produits-experts\/","og_site_name":"Bruggeman","article_modified_time":"2021-10-01T07:30:07+00:00","twitter_card":"summary_large_image","twitter_misc":{"Dur\u00e9e de lecture estim\u00e9e":"1 minute"},"schema":{"@context":"https:\/\/schema.org","@graph":[{"@type":["WebPage","ItemPage"],"@id":"https:\/\/bruggemanyeast.com\/fr\/produits-experts\/","url":"https:\/\/bruggemanyeast.com\/fr\/produits-experts\/","name":"Levure s\u00e8che instantan\u00e9e pour pain\u00a0| Levure Bruggeman","isPartOf":{"@id":"https:\/\/bruggemanyeast.com\/#website"},"datePublished":"2021-02-07T21:23:26+00:00","dateModified":"2021-10-01T07:30:07+00:00","description":"Levure vivante naturelle instantan\u00e9e sous forme lyophilis\u00e9e\u00a0: capacit\u00e9 de fermentation \u00e9lev\u00e9e et stable, pratique, pour toutes les techniques de boulangerie et tous les types de pains.","breadcrumb":{"@id":"https:\/\/bruggemanyeast.com\/fr\/produits-experts\/#breadcrumb"},"inLanguage":"fr-FR","potentialAction":[{"@type":"ReadAction","target":["https:\/\/bruggemanyeast.com\/fr\/produits-experts\/"]}]},{"@type":"BreadcrumbList","@id":"https:\/\/bruggemanyeast.com\/fr\/produits-experts\/#breadcrumb","itemListElement":[{"@type":"ListItem","position":1,"name":"Home","item":"https:\/\/bruggemanyeast.com\/fr\/"},{"@type":"ListItem","position":2,"name":"Produits experts"}]},{"@type":"WebSite","@id":"https:\/\/bruggemanyeast.com\/#website","url":"https:\/\/bruggemanyeast.com\/","name":"Bruggeman","description":"Boosting Bakers Since 1949","potentialAction":[{"@type":"SearchAction","target":{"@type":"EntryPoint","urlTemplate":"https:\/\/bruggemanyeast.com\/?s={search_term_string}"},"query-input":"required name=search_term_string"}],"inLanguage":"fr-FR"}]}},"_links":{"self":[{"href":"https:\/\/bruggemanyeast.com\/fr\/wp-json\/wp\/v2\/pages\/578","targetHints":{"allow":["GET"]}}],"collection":[{"href":"https:\/\/bruggemanyeast.com\/fr\/wp-json\/wp\/v2\/pages"}],"about":[{"href":"https:\/\/bruggemanyeast.com\/fr\/wp-json\/wp\/v2\/types\/page"}],"author":[{"embeddable":true,"href":"https:\/\/bruggemanyeast.com\/fr\/wp-json\/wp\/v2\/users\/1"}],"replies":[{"embeddable":true,"href":"https:\/\/bruggemanyeast.com\/fr\/wp-json\/wp\/v2\/comments?post=578"}],"version-history":[{"count":4,"href":"https:\/\/bruggemanyeast.com\/fr\/wp-json\/wp\/v2\/pages\/578\/revisions"}],"predecessor-version":[{"id":887,"href":"https:\/\/bruggemanyeast.com\/fr\/wp-json\/wp\/v2\/pages\/578\/revisions\/887"}],"wp:attachment":[{"href":"https:\/\/bruggemanyeast.com\/fr\/wp-json\/wp\/v2\/media?parent=578"}],"curies":[{"name":"wp","href":"https:\/\/api.w.org\/{rel}","templated":true}]}}