{"id":589,"date":"2021-02-07T21:25:26","date_gmt":"2021-02-07T21:25:26","guid":{"rendered":"https:\/\/bruggemanyeast.com\/services\/"},"modified":"2021-10-01T07:32:01","modified_gmt":"2021-10-01T07:32:01","slug":"services-professionnels","status":"publish","type":"page","link":"https:\/\/bruggemanyeast.com\/fr\/services-professionnels\/","title":{"rendered":"Services professionnels"},"content":{"rendered":"<p>Vous souhaitez que votre nouvelle recette sorte du lot ? Est-il temps d\u2019optimiser vos processus ? Vous vous pr\u00e9parez \u00e0 attirer de nouveaux clients ? <a href=\"https:\/\/bruggemanyeast.com\/fr\/page-contact\/\"><u>Il suffit de demander<\/u><\/a>. Nous mettons notre savoir-faire \u00e0 votre service en vous prodiguant des conseils concrets qui vous permettront de d\u00e9passer vos limites.<\/p>\n<h2>D\u00e9couvrez tous nos services en cliquant sur les ic\u00f4nes:<\/h2>\n","protected":false},"excerpt":{"rendered":"<p>Vous souhaitez que votre nouvelle recette sorte du lot ? Est-il temps d\u2019optimiser vos processus ? Vous vous pr\u00e9parez \u00e0 attirer de nouveaux clients ? Il suffit de demander. Nous mettons notre savoir-faire \u00e0 votre service en vous prodiguant des conseils concrets qui vous permettront de d\u00e9passer vos limites. D\u00e9couvrez tous nos services en cliquant [&#8230;]<\/p>\n<p><a class=\"btn btn-secondary understrap-read-more-link\" href=\"https:\/\/bruggemanyeast.com\/fr\/services-professionnels\/\">Lire la suite&#8230;<\/a><\/p>\n","protected":false},"author":1,"featured_media":0,"parent":0,"menu_order":0,"comment_status":"closed","ping_status":"closed","template":"page-templates\/services-template.php","meta":{"_acf_changed":false,"footnotes":""},"class_list":["post-589","page","type-page","status-publish","hentry"],"acf":[],"yoast_head":"<!-- This site is optimized with the Yoast SEO plugin v23.0 - https:\/\/yoast.com\/wordpress\/plugins\/seo\/ -->\n<title>Levure s\u00e8che de panification go\u00fbt et saveur uniques\u00a0| Levure Bruggeman<\/title>\n<meta name=\"description\" content=\"D\u00e9couvrez-en plus sur notre levure s\u00e8che pour un go\u00fbt et une saveur uniques, ainsi que nos conseils personnels concernant les processus de boulangerie, notre service d\u2019assistance, nos formations et nos recettes de levure.\" \/>\n<meta name=\"robots\" content=\"index, follow, max-snippet:-1, max-image-preview:large, max-video-preview:-1\" \/>\n<link rel=\"canonical\" href=\"https:\/\/bruggemanyeast.com\/fr\/services-professionnels\/\" \/>\n<meta property=\"og:locale\" content=\"fr_FR\" \/>\n<meta property=\"og:type\" content=\"article\" \/>\n<meta property=\"og:title\" content=\"Levure s\u00e8che de panification go\u00fbt et saveur uniques\u00a0| Levure Bruggeman\" \/>\n<meta property=\"og:description\" content=\"D\u00e9couvrez-en plus sur notre levure s\u00e8che pour un go\u00fbt et une saveur uniques, ainsi que nos conseils personnels concernant les processus de boulangerie, notre service d\u2019assistance, nos formations et nos recettes de levure.\" \/>\n<meta property=\"og:url\" content=\"https:\/\/bruggemanyeast.com\/fr\/services-professionnels\/\" \/>\n<meta property=\"og:site_name\" content=\"Bruggeman\" \/>\n<meta property=\"article:modified_time\" content=\"2021-10-01T07:32:01+00:00\" \/>\n<meta name=\"twitter:card\" content=\"summary_large_image\" \/>\n<meta name=\"twitter:label1\" content=\"Dur\u00e9e de lecture estim\u00e9e\" \/>\n\t<meta name=\"twitter:data1\" content=\"1 minute\" \/>\n<script type=\"application\/ld+json\" class=\"yoast-schema-graph\">{\"@context\":\"https:\/\/schema.org\",\"@graph\":[{\"@type\":\"WebPage\",\"@id\":\"https:\/\/bruggemanyeast.com\/fr\/services-professionnels\/\",\"url\":\"https:\/\/bruggemanyeast.com\/fr\/services-professionnels\/\",\"name\":\"Levure s\u00e8che de panification go\u00fbt et saveur uniques\u00a0| Levure Bruggeman\",\"isPartOf\":{\"@id\":\"https:\/\/bruggemanyeast.com\/#website\"},\"datePublished\":\"2021-02-07T21:25:26+00:00\",\"dateModified\":\"2021-10-01T07:32:01+00:00\",\"description\":\"D\u00e9couvrez-en plus sur notre levure s\u00e8che pour un go\u00fbt et une saveur uniques, ainsi que nos conseils personnels concernant les processus de boulangerie, notre service d\u2019assistance, nos formations et nos recettes de levure.\",\"breadcrumb\":{\"@id\":\"https:\/\/bruggemanyeast.com\/fr\/services-professionnels\/#breadcrumb\"},\"inLanguage\":\"fr-FR\",\"potentialAction\":[{\"@type\":\"ReadAction\",\"target\":[\"https:\/\/bruggemanyeast.com\/fr\/services-professionnels\/\"]}]},{\"@type\":\"BreadcrumbList\",\"@id\":\"https:\/\/bruggemanyeast.com\/fr\/services-professionnels\/#breadcrumb\",\"itemListElement\":[{\"@type\":\"ListItem\",\"position\":1,\"name\":\"Home\",\"item\":\"https:\/\/bruggemanyeast.com\/fr\/\"},{\"@type\":\"ListItem\",\"position\":2,\"name\":\"Services professionnels\"}]},{\"@type\":\"WebSite\",\"@id\":\"https:\/\/bruggemanyeast.com\/#website\",\"url\":\"https:\/\/bruggemanyeast.com\/\",\"name\":\"Bruggeman\",\"description\":\"Boosting Bakers Since 1949\",\"potentialAction\":[{\"@type\":\"SearchAction\",\"target\":{\"@type\":\"EntryPoint\",\"urlTemplate\":\"https:\/\/bruggemanyeast.com\/?s={search_term_string}\"},\"query-input\":\"required name=search_term_string\"}],\"inLanguage\":\"fr-FR\"}]}<\/script>\n<!-- \/ Yoast SEO plugin. -->","yoast_head_json":{"title":"Levure s\u00e8che de panification go\u00fbt et saveur uniques\u00a0| Levure Bruggeman","description":"D\u00e9couvrez-en plus sur notre levure s\u00e8che pour un go\u00fbt et une saveur uniques, ainsi que nos conseils personnels concernant les processus de boulangerie, notre service d\u2019assistance, nos formations et nos recettes de levure.","robots":{"index":"index","follow":"follow","max-snippet":"max-snippet:-1","max-image-preview":"max-image-preview:large","max-video-preview":"max-video-preview:-1"},"canonical":"https:\/\/bruggemanyeast.com\/fr\/services-professionnels\/","og_locale":"fr_FR","og_type":"article","og_title":"Levure s\u00e8che de panification go\u00fbt et saveur uniques\u00a0| Levure Bruggeman","og_description":"D\u00e9couvrez-en plus sur notre levure s\u00e8che pour un go\u00fbt et une saveur uniques, ainsi que nos conseils personnels concernant les processus de boulangerie, notre service d\u2019assistance, nos formations et nos recettes de levure.","og_url":"https:\/\/bruggemanyeast.com\/fr\/services-professionnels\/","og_site_name":"Bruggeman","article_modified_time":"2021-10-01T07:32:01+00:00","twitter_card":"summary_large_image","twitter_misc":{"Dur\u00e9e de lecture estim\u00e9e":"1 minute"},"schema":{"@context":"https:\/\/schema.org","@graph":[{"@type":"WebPage","@id":"https:\/\/bruggemanyeast.com\/fr\/services-professionnels\/","url":"https:\/\/bruggemanyeast.com\/fr\/services-professionnels\/","name":"Levure s\u00e8che de panification go\u00fbt et saveur uniques\u00a0| Levure Bruggeman","isPartOf":{"@id":"https:\/\/bruggemanyeast.com\/#website"},"datePublished":"2021-02-07T21:25:26+00:00","dateModified":"2021-10-01T07:32:01+00:00","description":"D\u00e9couvrez-en plus sur notre levure s\u00e8che pour un go\u00fbt et une saveur uniques, ainsi que nos conseils personnels concernant les processus de boulangerie, notre service d\u2019assistance, nos formations et nos recettes de levure.","breadcrumb":{"@id":"https:\/\/bruggemanyeast.com\/fr\/services-professionnels\/#breadcrumb"},"inLanguage":"fr-FR","potentialAction":[{"@type":"ReadAction","target":["https:\/\/bruggemanyeast.com\/fr\/services-professionnels\/"]}]},{"@type":"BreadcrumbList","@id":"https:\/\/bruggemanyeast.com\/fr\/services-professionnels\/#breadcrumb","itemListElement":[{"@type":"ListItem","position":1,"name":"Home","item":"https:\/\/bruggemanyeast.com\/fr\/"},{"@type":"ListItem","position":2,"name":"Services professionnels"}]},{"@type":"WebSite","@id":"https:\/\/bruggemanyeast.com\/#website","url":"https:\/\/bruggemanyeast.com\/","name":"Bruggeman","description":"Boosting Bakers Since 1949","potentialAction":[{"@type":"SearchAction","target":{"@type":"EntryPoint","urlTemplate":"https:\/\/bruggemanyeast.com\/?s={search_term_string}"},"query-input":"required name=search_term_string"}],"inLanguage":"fr-FR"}]}},"_links":{"self":[{"href":"https:\/\/bruggemanyeast.com\/fr\/wp-json\/wp\/v2\/pages\/589","targetHints":{"allow":["GET"]}}],"collection":[{"href":"https:\/\/bruggemanyeast.com\/fr\/wp-json\/wp\/v2\/pages"}],"about":[{"href":"https:\/\/bruggemanyeast.com\/fr\/wp-json\/wp\/v2\/types\/page"}],"author":[{"embeddable":true,"href":"https:\/\/bruggemanyeast.com\/fr\/wp-json\/wp\/v2\/users\/1"}],"replies":[{"embeddable":true,"href":"https:\/\/bruggemanyeast.com\/fr\/wp-json\/wp\/v2\/comments?post=589"}],"version-history":[{"count":4,"href":"https:\/\/bruggemanyeast.com\/fr\/wp-json\/wp\/v2\/pages\/589\/revisions"}],"predecessor-version":[{"id":888,"href":"https:\/\/bruggemanyeast.com\/fr\/wp-json\/wp\/v2\/pages\/589\/revisions\/888"}],"wp:attachment":[{"href":"https:\/\/bruggemanyeast.com\/fr\/wp-json\/wp\/v2\/media?parent=589"}],"curies":[{"name":"wp","href":"https:\/\/api.w.org\/{rel}","templated":true}]}}