{"id":599,"date":"2021-02-07T21:19:25","date_gmt":"2021-02-07T21:19:25","guid":{"rendered":"https:\/\/bruggemanyeast.com\/contact\/"},"modified":"2021-09-30T15:49:50","modified_gmt":"2021-09-30T15:49:50","slug":"page-contact","status":"publish","type":"page","link":"https:\/\/bruggemanyeast.com\/fr\/page-contact\/","title":{"rendered":"Page Contact"},"content":{"rendered":"<p class=\"p1\">Vous souhaitez obtenir de plus amples informations sur nos produits et services professionnels Bruggeman\u00a0? Alors n\u2019h\u00e9sitez pas \u00e0 remplir ce formulaire. Nous vous contacterons dans les plus brefs d\u00e9lais\u00a0!<\/p>\n","protected":false},"excerpt":{"rendered":"<p>Vous souhaitez obtenir de plus amples informations sur nos produits et services professionnels Bruggeman\u00a0? Alors n\u2019h\u00e9sitez pas \u00e0 remplir ce formulaire. Nous vous contacterons dans les plus brefs d\u00e9lais\u00a0! [&#8230;]<\/p>\n<p><a class=\"btn btn-secondary understrap-read-more-link\" href=\"https:\/\/bruggemanyeast.com\/fr\/page-contact\/\">Lire la suite&#8230;<\/a><\/p>\n","protected":false},"author":1,"featured_media":0,"parent":0,"menu_order":0,"comment_status":"closed","ping_status":"closed","template":"page-templates\/contact-template.php","meta":{"_acf_changed":false,"footnotes":""},"class_list":["post-599","page","type-page","status-publish","hentry"],"acf":[],"yoast_head":"<!-- This site is optimized with the Yoast SEO plugin v23.0 - https:\/\/yoast.com\/wordpress\/plugins\/seo\/ -->\n<title>Contactez nos experts en levure et assistance\u00a0| Levure Bruggeman<\/title>\n<meta name=\"description\" content=\"La levure s\u00e8che professionnelle Bruggeman est utilis\u00e9e dans le monde entier, aussi bien dans les petites boulangeries artisanales que dans les grandes usines industrielles + excellent service d\u2019assistance.\" \/>\n<meta name=\"robots\" content=\"index, follow, max-snippet:-1, max-image-preview:large, max-video-preview:-1\" \/>\n<link rel=\"canonical\" href=\"https:\/\/bruggemanyeast.com\/fr\/page-contact\/\" \/>\n<meta property=\"og:locale\" content=\"fr_FR\" \/>\n<meta property=\"og:type\" content=\"article\" \/>\n<meta property=\"og:title\" content=\"Contactez nos experts en levure et assistance\u00a0| Levure Bruggeman\" \/>\n<meta property=\"og:description\" content=\"La levure s\u00e8che professionnelle Bruggeman est utilis\u00e9e dans le monde entier, aussi bien dans les petites boulangeries artisanales que dans les grandes usines industrielles + excellent service d\u2019assistance.\" \/>\n<meta property=\"og:url\" content=\"https:\/\/bruggemanyeast.com\/fr\/page-contact\/\" \/>\n<meta property=\"og:site_name\" content=\"Bruggeman\" \/>\n<meta property=\"article:modified_time\" content=\"2021-09-30T15:49:50+00:00\" \/>\n<meta name=\"twitter:card\" content=\"summary_large_image\" \/>\n<meta name=\"twitter:label1\" content=\"Dur\u00e9e de lecture estim\u00e9e\" \/>\n\t<meta name=\"twitter:data1\" content=\"1 minute\" \/>\n<script type=\"application\/ld+json\" class=\"yoast-schema-graph\">{\"@context\":\"https:\/\/schema.org\",\"@graph\":[{\"@type\":[\"WebPage\",\"ContactPage\"],\"@id\":\"https:\/\/bruggemanyeast.com\/fr\/page-contact\/\",\"url\":\"https:\/\/bruggemanyeast.com\/fr\/page-contact\/\",\"name\":\"Contactez nos experts en levure et assistance\u00a0| Levure Bruggeman\",\"isPartOf\":{\"@id\":\"https:\/\/bruggemanyeast.com\/#website\"},\"datePublished\":\"2021-02-07T21:19:25+00:00\",\"dateModified\":\"2021-09-30T15:49:50+00:00\",\"description\":\"La levure s\u00e8che professionnelle Bruggeman est utilis\u00e9e dans le monde entier, aussi bien dans les petites boulangeries artisanales que dans les grandes usines industrielles + excellent service d\u2019assistance.\",\"breadcrumb\":{\"@id\":\"https:\/\/bruggemanyeast.com\/fr\/page-contact\/#breadcrumb\"},\"inLanguage\":\"fr-FR\",\"potentialAction\":[{\"@type\":\"ReadAction\",\"target\":[\"https:\/\/bruggemanyeast.com\/fr\/page-contact\/\"]}]},{\"@type\":\"BreadcrumbList\",\"@id\":\"https:\/\/bruggemanyeast.com\/fr\/page-contact\/#breadcrumb\",\"itemListElement\":[{\"@type\":\"ListItem\",\"position\":1,\"name\":\"Home\",\"item\":\"https:\/\/bruggemanyeast.com\/fr\/\"},{\"@type\":\"ListItem\",\"position\":2,\"name\":\"Page Contact\"}]},{\"@type\":\"WebSite\",\"@id\":\"https:\/\/bruggemanyeast.com\/#website\",\"url\":\"https:\/\/bruggemanyeast.com\/\",\"name\":\"Bruggeman\",\"description\":\"Boosting Bakers Since 1949\",\"potentialAction\":[{\"@type\":\"SearchAction\",\"target\":{\"@type\":\"EntryPoint\",\"urlTemplate\":\"https:\/\/bruggemanyeast.com\/?s={search_term_string}\"},\"query-input\":\"required name=search_term_string\"}],\"inLanguage\":\"fr-FR\"}]}<\/script>\n<!-- \/ Yoast SEO plugin. -->","yoast_head_json":{"title":"Contactez nos experts en levure et assistance\u00a0| Levure Bruggeman","description":"La levure s\u00e8che professionnelle Bruggeman est utilis\u00e9e dans le monde entier, aussi bien dans les petites boulangeries artisanales que dans les grandes usines industrielles + excellent service d\u2019assistance.","robots":{"index":"index","follow":"follow","max-snippet":"max-snippet:-1","max-image-preview":"max-image-preview:large","max-video-preview":"max-video-preview:-1"},"canonical":"https:\/\/bruggemanyeast.com\/fr\/page-contact\/","og_locale":"fr_FR","og_type":"article","og_title":"Contactez nos experts en levure et assistance\u00a0| Levure Bruggeman","og_description":"La levure s\u00e8che professionnelle Bruggeman est utilis\u00e9e dans le monde entier, aussi bien dans les petites boulangeries artisanales que dans les grandes usines industrielles + excellent service d\u2019assistance.","og_url":"https:\/\/bruggemanyeast.com\/fr\/page-contact\/","og_site_name":"Bruggeman","article_modified_time":"2021-09-30T15:49:50+00:00","twitter_card":"summary_large_image","twitter_misc":{"Dur\u00e9e de lecture estim\u00e9e":"1 minute"},"schema":{"@context":"https:\/\/schema.org","@graph":[{"@type":["WebPage","ContactPage"],"@id":"https:\/\/bruggemanyeast.com\/fr\/page-contact\/","url":"https:\/\/bruggemanyeast.com\/fr\/page-contact\/","name":"Contactez nos experts en levure et assistance\u00a0| Levure Bruggeman","isPartOf":{"@id":"https:\/\/bruggemanyeast.com\/#website"},"datePublished":"2021-02-07T21:19:25+00:00","dateModified":"2021-09-30T15:49:50+00:00","description":"La levure s\u00e8che professionnelle Bruggeman est utilis\u00e9e dans le monde entier, aussi bien dans les petites boulangeries artisanales que dans les grandes usines industrielles + excellent service d\u2019assistance.","breadcrumb":{"@id":"https:\/\/bruggemanyeast.com\/fr\/page-contact\/#breadcrumb"},"inLanguage":"fr-FR","potentialAction":[{"@type":"ReadAction","target":["https:\/\/bruggemanyeast.com\/fr\/page-contact\/"]}]},{"@type":"BreadcrumbList","@id":"https:\/\/bruggemanyeast.com\/fr\/page-contact\/#breadcrumb","itemListElement":[{"@type":"ListItem","position":1,"name":"Home","item":"https:\/\/bruggemanyeast.com\/fr\/"},{"@type":"ListItem","position":2,"name":"Page Contact"}]},{"@type":"WebSite","@id":"https:\/\/bruggemanyeast.com\/#website","url":"https:\/\/bruggemanyeast.com\/","name":"Bruggeman","description":"Boosting Bakers Since 1949","potentialAction":[{"@type":"SearchAction","target":{"@type":"EntryPoint","urlTemplate":"https:\/\/bruggemanyeast.com\/?s={search_term_string}"},"query-input":"required name=search_term_string"}],"inLanguage":"fr-FR"}]}},"_links":{"self":[{"href":"https:\/\/bruggemanyeast.com\/fr\/wp-json\/wp\/v2\/pages\/599","targetHints":{"allow":["GET"]}}],"collection":[{"href":"https:\/\/bruggemanyeast.com\/fr\/wp-json\/wp\/v2\/pages"}],"about":[{"href":"https:\/\/bruggemanyeast.com\/fr\/wp-json\/wp\/v2\/types\/page"}],"author":[{"embeddable":true,"href":"https:\/\/bruggemanyeast.com\/fr\/wp-json\/wp\/v2\/users\/1"}],"replies":[{"embeddable":true,"href":"https:\/\/bruggemanyeast.com\/fr\/wp-json\/wp\/v2\/comments?post=599"}],"version-history":[{"count":2,"href":"https:\/\/bruggemanyeast.com\/fr\/wp-json\/wp\/v2\/pages\/599\/revisions"}],"predecessor-version":[{"id":602,"href":"https:\/\/bruggemanyeast.com\/fr\/wp-json\/wp\/v2\/pages\/599\/revisions\/602"}],"wp:attachment":[{"href":"https:\/\/bruggemanyeast.com\/fr\/wp-json\/wp\/v2\/media?parent=599"}],"curies":[{"name":"wp","href":"https:\/\/api.w.org\/{rel}","templated":true}]}}