{"id":637,"date":"2021-02-10T01:36:40","date_gmt":"2021-02-10T01:36:40","guid":{"rendered":"https:\/\/bruggemanyeast.com\/cookies\/"},"modified":"2021-09-29T13:07:38","modified_gmt":"2021-09-29T13:07:38","slug":"cookies","status":"publish","type":"page","link":"https:\/\/bruggemanyeast.com\/fr\/cookies\/","title":{"rendered":"Cookies"},"content":{"rendered":"<p>Bruggemanyeast.com utilise des cookies pour rendre votre exp\u00e9rience de navigation plus facile et agr\u00e9able et pour mieux assortir le contenu de son site Web \u00e0 vos besoins et pr\u00e9f\u00e9rences. Vous pouvez refuser l\u2019installation de cookies, mais il se pourrait alors que vous ne puissiez pas visiter le site.<\/p>\n<p>Les cookies sont de petits fichiers de donn\u00e9es ou de texte qui sont install\u00e9s sur votre ordinateur ou appareil mobile lorsque vous visitez un site Web ou utilisez une application (mobile). Le fichier cookie comprend un code unique qui permet au service en ligne de reconna\u00eetre votre navigateur lors d\u2019une visite ou lors de visites ult\u00e9rieures, r\u00e9p\u00e9t\u00e9es. Les cookies peuvent \u00eatre plac\u00e9s par le serveur du site Web ou application que vous visitez, mais \u00e9galement par les serveurs de tierces parties qui collaborent ou non avec ce site Web ou application.<\/p>\n<p>Les cookies rendent g\u00e9n\u00e9ralement l\u2019interaction entre l\u2019utilisation et le site Web ou l\u2019application plus facile et plus rapide, et aident le visiteur \u00e0 naviguer entre les diff\u00e9rents composants d\u2019un site Web ou d\u2019une application. Les cookies peuvent servir \u00e9galement pour rendre le contenu d\u2019un site Web ou d\u2019une application plus pertinent pour le visiteur en l\u2019adaptant \u00e0 ses go\u00fbts et ses besoins personnels.<\/p>\n","protected":false},"excerpt":{"rendered":"<p>Bruggemanyeast.com utilise des cookies pour rendre votre exp\u00e9rience de navigation plus facile et agr\u00e9able et pour mieux assortir le contenu de son site Web \u00e0 vos besoins et pr\u00e9f\u00e9rences. Vous pouvez refuser l\u2019installation de cookies, mais il se pourrait alors que vous ne puissiez pas visiter le site. Les cookies sont de petits fichiers de [&#8230;]<\/p>\n<p><a class=\"btn btn-secondary understrap-read-more-link\" href=\"https:\/\/bruggemanyeast.com\/fr\/cookies\/\">Lire la suite&#8230;<\/a><\/p>\n","protected":false},"author":1,"featured_media":0,"parent":0,"menu_order":0,"comment_status":"closed","ping_status":"closed","template":"page-templates\/services-template.php","meta":{"_acf_changed":false,"footnotes":""},"class_list":["post-637","page","type-page","status-publish","hentry"],"acf":[],"yoast_head":"<!-- This site is optimized with the Yoast SEO plugin v23.0 - https:\/\/yoast.com\/wordpress\/plugins\/seo\/ -->\n<title>Cookies - Bruggeman<\/title>\n<meta name=\"robots\" content=\"index, follow, max-snippet:-1, max-image-preview:large, max-video-preview:-1\" \/>\n<link rel=\"canonical\" href=\"https:\/\/bruggemanyeast.com\/fr\/cookies\/\" \/>\n<meta property=\"og:locale\" content=\"fr_FR\" \/>\n<meta property=\"og:type\" content=\"article\" \/>\n<meta property=\"og:title\" content=\"Cookies - Bruggeman\" \/>\n<meta property=\"og:description\" content=\"Bruggemanyeast.com utilise des cookies pour rendre votre exp\u00e9rience de navigation plus facile et agr\u00e9able et pour mieux assortir le contenu de son site Web \u00e0 vos besoins et pr\u00e9f\u00e9rences. Vous pouvez refuser l\u2019installation de cookies, mais il se pourrait alors que vous ne puissiez pas visiter le site. Les cookies sont de petits fichiers de [...]Lire la suite...\" \/>\n<meta property=\"og:url\" content=\"https:\/\/bruggemanyeast.com\/fr\/cookies\/\" \/>\n<meta property=\"og:site_name\" content=\"Bruggeman\" \/>\n<meta property=\"article:modified_time\" content=\"2021-09-29T13:07:38+00:00\" \/>\n<meta name=\"twitter:card\" content=\"summary_large_image\" \/>\n<meta name=\"twitter:label1\" content=\"Dur\u00e9e de lecture estim\u00e9e\" \/>\n\t<meta name=\"twitter:data1\" content=\"1 minute\" \/>\n<script type=\"application\/ld+json\" class=\"yoast-schema-graph\">{\"@context\":\"https:\/\/schema.org\",\"@graph\":[{\"@type\":\"WebPage\",\"@id\":\"https:\/\/bruggemanyeast.com\/fr\/cookies\/\",\"url\":\"https:\/\/bruggemanyeast.com\/fr\/cookies\/\",\"name\":\"Cookies - Bruggeman\",\"isPartOf\":{\"@id\":\"https:\/\/bruggemanyeast.com\/#website\"},\"datePublished\":\"2021-02-10T01:36:40+00:00\",\"dateModified\":\"2021-09-29T13:07:38+00:00\",\"breadcrumb\":{\"@id\":\"https:\/\/bruggemanyeast.com\/fr\/cookies\/#breadcrumb\"},\"inLanguage\":\"fr-FR\",\"potentialAction\":[{\"@type\":\"ReadAction\",\"target\":[\"https:\/\/bruggemanyeast.com\/fr\/cookies\/\"]}]},{\"@type\":\"BreadcrumbList\",\"@id\":\"https:\/\/bruggemanyeast.com\/fr\/cookies\/#breadcrumb\",\"itemListElement\":[{\"@type\":\"ListItem\",\"position\":1,\"name\":\"Home\",\"item\":\"https:\/\/bruggemanyeast.com\/fr\/\"},{\"@type\":\"ListItem\",\"position\":2,\"name\":\"Cookies\"}]},{\"@type\":\"WebSite\",\"@id\":\"https:\/\/bruggemanyeast.com\/#website\",\"url\":\"https:\/\/bruggemanyeast.com\/\",\"name\":\"Bruggeman\",\"description\":\"Boosting Bakers Since 1949\",\"potentialAction\":[{\"@type\":\"SearchAction\",\"target\":{\"@type\":\"EntryPoint\",\"urlTemplate\":\"https:\/\/bruggemanyeast.com\/?s={search_term_string}\"},\"query-input\":\"required name=search_term_string\"}],\"inLanguage\":\"fr-FR\"}]}<\/script>\n<!-- \/ Yoast SEO plugin. -->","yoast_head_json":{"title":"Cookies - Bruggeman","robots":{"index":"index","follow":"follow","max-snippet":"max-snippet:-1","max-image-preview":"max-image-preview:large","max-video-preview":"max-video-preview:-1"},"canonical":"https:\/\/bruggemanyeast.com\/fr\/cookies\/","og_locale":"fr_FR","og_type":"article","og_title":"Cookies - Bruggeman","og_description":"Bruggemanyeast.com utilise des cookies pour rendre votre exp\u00e9rience de navigation plus facile et agr\u00e9able et pour mieux assortir le contenu de son site Web \u00e0 vos besoins et pr\u00e9f\u00e9rences. Vous pouvez refuser l\u2019installation de cookies, mais il se pourrait alors que vous ne puissiez pas visiter le site. Les cookies sont de petits fichiers de [...]Lire la suite...","og_url":"https:\/\/bruggemanyeast.com\/fr\/cookies\/","og_site_name":"Bruggeman","article_modified_time":"2021-09-29T13:07:38+00:00","twitter_card":"summary_large_image","twitter_misc":{"Dur\u00e9e de lecture estim\u00e9e":"1 minute"},"schema":{"@context":"https:\/\/schema.org","@graph":[{"@type":"WebPage","@id":"https:\/\/bruggemanyeast.com\/fr\/cookies\/","url":"https:\/\/bruggemanyeast.com\/fr\/cookies\/","name":"Cookies - Bruggeman","isPartOf":{"@id":"https:\/\/bruggemanyeast.com\/#website"},"datePublished":"2021-02-10T01:36:40+00:00","dateModified":"2021-09-29T13:07:38+00:00","breadcrumb":{"@id":"https:\/\/bruggemanyeast.com\/fr\/cookies\/#breadcrumb"},"inLanguage":"fr-FR","potentialAction":[{"@type":"ReadAction","target":["https:\/\/bruggemanyeast.com\/fr\/cookies\/"]}]},{"@type":"BreadcrumbList","@id":"https:\/\/bruggemanyeast.com\/fr\/cookies\/#breadcrumb","itemListElement":[{"@type":"ListItem","position":1,"name":"Home","item":"https:\/\/bruggemanyeast.com\/fr\/"},{"@type":"ListItem","position":2,"name":"Cookies"}]},{"@type":"WebSite","@id":"https:\/\/bruggemanyeast.com\/#website","url":"https:\/\/bruggemanyeast.com\/","name":"Bruggeman","description":"Boosting Bakers Since 1949","potentialAction":[{"@type":"SearchAction","target":{"@type":"EntryPoint","urlTemplate":"https:\/\/bruggemanyeast.com\/?s={search_term_string}"},"query-input":"required name=search_term_string"}],"inLanguage":"fr-FR"}]}},"_links":{"self":[{"href":"https:\/\/bruggemanyeast.com\/fr\/wp-json\/wp\/v2\/pages\/637","targetHints":{"allow":["GET"]}}],"collection":[{"href":"https:\/\/bruggemanyeast.com\/fr\/wp-json\/wp\/v2\/pages"}],"about":[{"href":"https:\/\/bruggemanyeast.com\/fr\/wp-json\/wp\/v2\/types\/page"}],"author":[{"embeddable":true,"href":"https:\/\/bruggemanyeast.com\/fr\/wp-json\/wp\/v2\/users\/1"}],"replies":[{"embeddable":true,"href":"https:\/\/bruggemanyeast.com\/fr\/wp-json\/wp\/v2\/comments?post=637"}],"version-history":[{"count":2,"href":"https:\/\/bruggemanyeast.com\/fr\/wp-json\/wp\/v2\/pages\/637\/revisions"}],"predecessor-version":[{"id":639,"href":"https:\/\/bruggemanyeast.com\/fr\/wp-json\/wp\/v2\/pages\/637\/revisions\/639"}],"wp:attachment":[{"href":"https:\/\/bruggemanyeast.com\/fr\/wp-json\/wp\/v2\/media?parent=637"}],"curies":[{"name":"wp","href":"https:\/\/api.w.org\/{rel}","templated":true}]}}