{"id":921,"date":"2021-10-20T13:32:48","date_gmt":"2021-10-20T13:32:48","guid":{"rendered":"https:\/\/bruggemanyeast.com\/?page_id=921"},"modified":"2021-10-20T13:33:21","modified_gmt":"2021-10-20T13:33:21","slug":"conditions-generales-dutilisation","status":"publish","type":"page","link":"https:\/\/bruggemanyeast.com\/fr\/conditions-generales-dutilisation\/","title":{"rendered":"Conditions g\u00e9n\u00e9rales d\u2019utilisation"},"content":{"rendered":"<p>Conditions g\u00e9n\u00e9rales d\u2019utilisation \/ Politique de confidentialit\u00e9 et cookies<\/p>\n<p><strong>Conditions g\u00e9n\u00e9rales d\u2019utilisation du site Web<\/strong><\/p>\n<ol>\n<li>\n<h3>Directeur de la publication du site Web<\/h3>\n<\/li>\n<\/ol>\n<p>Le directeur de la publication du site Web est Algist Bruggeman NV, dont le si\u00e8ge social est sis Langerbruggekaai 37, 9000 GAND, une soci\u00e9t\u00e9 belge immatricul\u00e9e \u00e0 la Banque-Carrefour des Entreprises (registre central des entreprises) sous le num\u00e9ro BE0434 963 737.<\/p>\n<ol start=\"2\">\n<li>\n<h3>Acceptation des conditions g\u00e9n\u00e9rales<\/h3>\n<\/li>\n<\/ol>\n<p>Nous invitons les utilisateurs \u00e0 lire attentivement les conditions g\u00e9n\u00e9rales d\u2019utilisation de notre site Web. En utilisant le site, les utilisateurs les acceptent sans r\u00e9serve. Algist Bruggeman NV se r\u00e9serve le droit de modifier les pr\u00e9sentes conditions g\u00e9n\u00e9rales. Nous conseillons donc aux utilisateurs de les consulter r\u00e9guli\u00e8rement.<\/p>\n<ol start=\"3\">\n<li>\n<h3>Utilisation du site Web<\/h3>\n<\/li>\n<\/ol>\n<p>Le contenu du pr\u00e9sent site Web est destin\u00e9 uniquement aux utilisateurs qui souhaitent obtenir des informations sur Algist Bruggeman NV et ses activit\u00e9s.<\/p>\n<p>Il ne peut \u00eatre utilis\u00e9 que dans le cadre des services propos\u00e9s sur le site et uniquement \u00e0 titre personnel.<\/p>\n<ol start=\"4\">\n<li>\n<h3>Utilisation non autoris\u00e9e ou interdite<\/h3>\n<\/li>\n<\/ol>\n<p>Les utilisateurs s\u2019engagent \u00e0 utiliser le pr\u00e9sent site Web dans le respect de toutes les lois et autres dispositions l\u00e9gales et\/ou contractuelles applicables. Les utilisateurs ne doivent pas utiliser le pr\u00e9sent site Web d\u2019une mani\u00e8re qui pourrait porter atteinte aux int\u00e9r\u00eats d\u2019Algist Bruggeman NV ou de ses clients.<\/p>\n<ol start=\"5\">\n<li>\n<h3>Garantie et limitation de responsabilit\u00e9<\/h3>\n<\/li>\n<\/ol>\n<p>Les utilisateurs reconnaissent et acceptent que l\u2019utilisation du pr\u00e9sent site Web rel\u00e8ve de leur propre responsabilit\u00e9. Tout contenu t\u00e9l\u00e9charg\u00e9 ou obtenu, de quelque mani\u00e8re que ce soit, dans le cadre de l\u2019utilisation du service l\u2019est aux risques et p\u00e9rils des utilisateurs. Ces derniers reconnaissent et acceptent que la soci\u00e9t\u00e9 Algist Bruggeman NV ne peut \u00eatre tenue responsable de tout dommage occasionn\u00e9 \u00e0 leur syst\u00e8me informatique ou de toute perte de donn\u00e9es r\u00e9sultant du t\u00e9l\u00e9chargement de quelque contenu que ce soit.<\/p>\n<p>Ce service est fourni en l\u2019\u00e9tat et est accessible en fonction de sa disponibilit\u00e9. Algist Bruggeman NV ne garantit pas que le service sera fourni sans interruption, qu\u2019il r\u00e9pondra aux attentes des utilisateurs, qu\u2019il sera fiable \u00e0 100\u00a0% et exempt d\u2019erreurs, que les informations obtenues en utilisant le service seront exactes et pr\u00e9cises ou que toute erreur relative au service sera corrig\u00e9e.<\/p>\n<p>La soci\u00e9t\u00e9 Algist Bruggeman NV s\u2019efforcera, dans la limite du raisonnable, de publier sur son site Web ce qui, de son point de vue, constitue les informations les plus r\u00e9centes disponibles. Elle ne garantit pas que les informations seront appropri\u00e9es, pr\u00e9cises ou exhaustives, ni que le site Web sera complet en permanence ou mis \u00e0 jour dans son int\u00e9gralit\u00e9. Les informations publi\u00e9es sur le pr\u00e9sent site Web peuvent contenir des inexactitudes en termes de contenu ou de d\u00e9tails techniques, ainsi que des erreurs typographiques. Ces informations sont fournies uniquement \u00e0 titre indicatif et font r\u00e9guli\u00e8rement l\u2019objet de modifications.<\/p>\n<p>Le pr\u00e9sent site Web contient des liens hypertexte renvoyant vers d\u2019autres sites et diverses sources d\u2019information. Ces liens et sources d\u2019information sont mis \u00e0 la disposition des utilisateurs uniquement \u00e0 titre indicatif. Algist Bruggeman NV n\u2019exerce aucun contr\u00f4le sur ces informations et, par cons\u00e9quent, ne garantit pas leur qualit\u00e9 et\/ou leur exhaustivit\u00e9.<\/p>\n<p>De mani\u00e8re g\u00e9n\u00e9rale, la soci\u00e9t\u00e9 Algist Bruggeman NV ne peut en aucun cas \u00eatre tenue responsable des dommages directs ou indirects, ni des dommages de toute nature d\u00e9coulant de l\u2019utilisation du pr\u00e9sent site Web ou de l\u2019impossibilit\u00e9 de l\u2019utiliser, pour quelque raison que ce soit, en vertu d\u2019une responsabilit\u00e9 contractuelle, d\u00e9lictuelle, quasi-d\u00e9lictuelle, l\u00e9gale ou stricte, ou fond\u00e9e sur une responsabilit\u00e9 sans faute ou toute autre raison, m\u00eame si Algist Bruggeman NV a \u00e9t\u00e9 inform\u00e9e au pr\u00e9alable de la possibilit\u00e9 de tels dommages. Algist Bruggeman NV ne peut en aucun cas \u00eatre tenue responsable des actions des utilisateurs (internautes).<\/p>\n<ol start=\"6\">\n<li>\n<h3><strong> Contact<\/strong><\/h3>\n<\/li>\n<\/ol>\n<p>Les utilisateurs peuvent nous faire part de leurs remarques, suggestions ou commentaires par e-mail (info@algistbrug.be) ou par courrier (Algist Bruggeman NV, Langerbruggekaai 37, 9000 GAND, Belgique).<\/p>\n<ol start=\"7\">\n<li>\n<h3>Droits de propri\u00e9t\u00e9 intellectuelle<\/h3>\n<\/li>\n<\/ol>\n<p>Toutes les informations disponibles sur le pr\u00e9sent site Web, leur compilation et leur composition (textes, photographies, images, ic\u00f4nes, vid\u00e9os, logiciels, bases de donn\u00e9es, donn\u00e9es, etc.) sont prot\u00e9g\u00e9es par les droits de propri\u00e9t\u00e9 intellectuelle d\u2019Algist Bruggeman NV.<\/p>\n<p>Sauf autorisation expresse contraire, les utilisateurs ne pourront en aucun cas copier, reproduire, afficher, modifier, transmettre, publier, adapter, distribuer, diffuser, octroyer une licence, transf\u00e9rer, vendre ou utiliser par quelque moyen ou de quelque mani\u00e8re que ce soit, tout ou partie du pr\u00e9sent site Web sans l\u2019accord \u00e9crit pr\u00e9alable d\u2019Algist Bruggeman NV.<\/p>\n<ol start=\"8\">\n<li>\n<h3><strong> Cookies<\/strong><\/h3>\n<\/li>\n<\/ol>\n<p>Algist Bruggeman NV utilise des cookies pour rendre votre exp\u00e9rience de navigation plus facile et agr\u00e9able et pour mieux assortir le contenu de son site Web \u00e0 vos besoins et pr\u00e9f\u00e9rences. Vous pouvez refuser l\u2019installation de cookies, mais il se pourrait alors que vous ne puissiez pas visiter le site.<\/p>\n<p>Les cookies sont de petits fichiers de donn\u00e9es ou de texte qui sont install\u00e9s sur votre ordinateur ou appareil mobile lorsque vous visitez un site Web ou utilisez une application (mobile). Le fichier cookie comprend un code unique qui permet au service en ligne de reconna\u00eetre votre navigateur lors d\u2019une visite ou lors de visites ult\u00e9rieures, r\u00e9p\u00e9t\u00e9es. Les cookies peuvent \u00eatre plac\u00e9s par le serveur du site Web ou application que vous visitez, mais \u00e9galement par les serveurs de tierces parties qui collaborent ou non avec ce site Web ou application.<\/p>\n<p>Les cookies rendent g\u00e9n\u00e9ralement l\u2019interaction entre l\u2019utilisateur et le site Web ou l\u2019application plus facile et plus rapide, et aident le visiteur \u00e0 naviguer entre les diff\u00e9rents composants d\u2019un site Web ou d\u2019une application. Les cookies peuvent servir \u00e9galement pour rendre le contenu d\u2019un site Web ou d\u2019une application plus pertinent pour le visiteur en l\u2019adaptant \u00e0 ses go\u00fbts et ses besoins personnels.<\/p>\n<ol start=\"9\">\n<li>\n<h3>Protection des donn\u00e9es \u00e0 caract\u00e8re personnel conform\u00e9ment au RGPD*<\/h3>\n<\/li>\n<li>\n<h3><strong style=\"font-size: 16px;\">A. Protection des donn\u00e9es\u2028<\/strong><\/h3>\n<\/li>\n<\/ol>\n<p>\u00c0 chaque visite sur notre site Web, votre adresse IP (temporaire) ainsi que, si possible, le site Web ou l\u2019e-mail d\u2019origine sont automatiquement identifi\u00e9s. Nous ne conservons pas et n\u2019utilisons pas ces donn\u00e9es g\u00e9n\u00e9rales de visite comme des donn\u00e9es individuelles (personnelles), mais uniquement afin d\u2019analyser la navigation sur notre site Web, les pages visit\u00e9es, les articles command\u00e9s, les informations t\u00e9l\u00e9charg\u00e9es, etc., pour pouvoir am\u00e9liorer la notori\u00e9t\u00e9, la fonctionnalit\u00e9 et le contenu de notre site (et des e-mails).<\/p>\n<h4><strong>B. Adresses \u00e9lectroniques et donn\u00e9es \u00e0 caract\u00e8re personnel <\/strong><\/h4>\n<p>Nous utilisons les adresses \u00e9lectroniques et autres donn\u00e9es uniquement dans le but pour lequel elles nous ont \u00e9t\u00e9 fournies, ainsi qu\u2019\u00e0 d\u2019autres fins de marketing ou de service, sous r\u00e9serve d\u2019un consentement pr\u00e9alable. Ledit consentement peut \u00eatre retir\u00e9 \u00e0 tout moment et les donn\u00e9es peuvent \u00eatre consult\u00e9es, modifi\u00e9es ou supprim\u00e9es, \u00e9galement \u00e0 tout moment, en nous en informant. En outre, cette possibilit\u00e9 est offerte dans chaque e-mail de marketing et de service par une r\u00e9f\u00e9rence directe aux pr\u00e9sentes conditions g\u00e9n\u00e9rales d\u2019utilisation, aux cookies et \u00e0 la politique de confidentialit\u00e9. Nous ne fournissons pas d\u2019adresses \u00e9lectroniques ni de donn\u00e9es \u00e0 des tiers \u00e0 des fins commerciales. Par ailleurs, nous conservons et utilisons toutes les informations que vous nous fournissez volontairement via notre site Web, ou de toute autre mani\u00e8re, \u00e0 des fins de marketing et de service. Les donn\u00e9es \u00e0 caract\u00e8re personnel que vous nous fournissez seront toujours trait\u00e9es et prot\u00e9g\u00e9es avec le plus grand soin. Si nous souhaitons utiliser vos informations \u00e0 des fins qui ne sont pas (encore) pr\u00e9vues dans la pr\u00e9sente politique de confidentialit\u00e9, nous vous en informerons au pr\u00e9alable. Vous aurez alors la possibilit\u00e9 de vous opposer \u00e0 cette utilisation de vos donn\u00e9es personnelles en temps utile. Sur demande, nous autorisons nos clients, prospects, fournisseurs et autres relations \u00e0 acc\u00e9der \u00e0 toutes les informations dont nous disposons \u00e0 leur sujet. Cela inclut la possibilit\u00e9 de rectifier toute donn\u00e9e personnelle inexacte. Les conditions g\u00e9n\u00e9rales d\u2019utilisation, y compris la pr\u00e9sente politique de confidentialit\u00e9, s\u2019appliquent \u00e0 toute visite du site Web, \u00e0 toute transaction ou \u00e0 tout accord conclu par le biais de notre site. Cette politique sera communiqu\u00e9e avant la conclusion de tout accord au moyen d\u2019une r\u00e9f\u00e9rence \u00e0 son texte. Si vous souhaitez r\u00e9agir \u00e0 notre politique de confidentialit\u00e9 ou si vous estimez que notre site Web ou nos actions ne sont pas conformes \u00e0 celle-ci, n\u2019h\u00e9sitez pas \u00e0 nous contacter par e-mail \u00e0\u00a0info@algistbrug.be.<\/p>\n<p>Vous pouvez obtenir des informations compl\u00e9mentaires aupr\u00e8s de la Commission de la protection de la vie priv\u00e9e situ\u00e9e au 139 rue Haute, 1000 Bruxelles, BELGIQUE.<\/p>\n<h4><strong>C. D\u00e9l\u00e9gu\u00e9 \u00e0 la protection des donn\u00e9es<\/strong><\/h4>\n<p>Vous pouvez contacter notre d\u00e9l\u00e9gu\u00e9 \u00e0 la protection des donn\u00e9es \u00e0 tout moment en envoyant un e-mail \u00e0 info@algistbrug.be.<\/p>\n<ol start=\"10\">\n<li>\n<h3>Disponibilit\u00e9<\/h3>\n<\/li>\n<\/ol>\n<p>Le site Web a \u00e9t\u00e9 d\u00e9velopp\u00e9 pour \u00eatre consult\u00e9 sur les plates-formes informatiques les plus courantes. Les navigateurs les plus r\u00e9cents sont \u00e9galement admis dans les r\u00e9solutions les plus r\u00e9pandues.<\/p>\n<ol start=\"11\">\n<li>\n<h3>R\u00e8glement des litiges, juridiction et droit applicable<\/h3>\n<\/li>\n<\/ol>\n<p>Les pr\u00e9sentes conditions g\u00e9n\u00e9rales d\u2019utilisation seront r\u00e9gies par le droit belge. Tout litige d\u00e9coulant de ou li\u00e9 \u00e0 l\u2019utilisation du pr\u00e9sent service fera l\u2019objet d\u2019une tentative de conciliation entre les parties. En cas d\u2019\u00e9chec de ladite conciliation, le litige rel\u00e8vera de la comp\u00e9tence des tribunaux de Gand (Belgique). La soci\u00e9t\u00e9 Algist Bruggeman NV se r\u00e9serve le droit de s\u2019adresser \u00e0 un autre tribunal comp\u00e9tent, si elle le juge opportun.<\/p>\n<p>&nbsp;<\/p>\n<p>* R\u00e8glement (UE) 2016\/679 du Parlement europ\u00e9en et du Conseil du 27\u00a0avril\u00a02016, relatif \u00e0 la protection des personnes physiques \u00e0 l&rsquo;\u00e9gard du traitement des donn\u00e9es \u00e0 caract\u00e8re personnel et \u00e0 la libre circulation de ces donn\u00e9es, et abrogeant la directive 95\/46\/CE (r\u00e8glement g\u00e9n\u00e9ral sur la protection des donn\u00e9es). Texte pr\u00e9sentant de l&rsquo;int\u00e9r\u00eat pour l&rsquo;EEE.<\/p>\n","protected":false},"excerpt":{"rendered":"<p>Conditions g\u00e9n\u00e9rales d\u2019utilisation \/ Politique de confidentialit\u00e9 et cookies Conditions g\u00e9n\u00e9rales d\u2019utilisation du site Web Directeur de la publication du site Web Le directeur de la publication du site Web est Algist Bruggeman NV, dont le si\u00e8ge social est sis Langerbruggekaai 37, 9000 GAND, une soci\u00e9t\u00e9 belge immatricul\u00e9e \u00e0 la Banque-Carrefour des Entreprises (registre central [&#8230;]<\/p>\n<p><a class=\"btn btn-secondary understrap-read-more-link\" href=\"https:\/\/bruggemanyeast.com\/fr\/conditions-generales-dutilisation\/\">Lire la suite&#8230;<\/a><\/p>\n","protected":false},"author":2,"featured_media":0,"parent":0,"menu_order":0,"comment_status":"closed","ping_status":"closed","template":"","meta":{"_acf_changed":false,"footnotes":""},"class_list":["post-921","page","type-page","status-publish","hentry"],"acf":[],"yoast_head":"<!-- This site is optimized with the Yoast SEO plugin v23.0 - https:\/\/yoast.com\/wordpress\/plugins\/seo\/ -->\n<title>Conditions g\u00e9n\u00e9rales d\u2019utilisation - Bruggeman<\/title>\n<meta name=\"robots\" content=\"index, follow, max-snippet:-1, max-image-preview:large, max-video-preview:-1\" \/>\n<link rel=\"canonical\" href=\"https:\/\/bruggemanyeast.com\/fr\/conditions-generales-dutilisation\/\" \/>\n<meta property=\"og:locale\" content=\"fr_FR\" \/>\n<meta property=\"og:type\" content=\"article\" \/>\n<meta property=\"og:title\" content=\"Conditions g\u00e9n\u00e9rales d\u2019utilisation - Bruggeman\" \/>\n<meta property=\"og:description\" content=\"Conditions g\u00e9n\u00e9rales d\u2019utilisation \/ Politique de confidentialit\u00e9 et cookies Conditions g\u00e9n\u00e9rales d\u2019utilisation du site Web Directeur de la publication du site Web Le directeur de la publication du site Web est Algist Bruggeman NV, dont le si\u00e8ge social est sis Langerbruggekaai 37, 9000 GAND, une soci\u00e9t\u00e9 belge immatricul\u00e9e \u00e0 la Banque-Carrefour des Entreprises (registre central [...]Lire la suite...\" \/>\n<meta property=\"og:url\" content=\"https:\/\/bruggemanyeast.com\/fr\/conditions-generales-dutilisation\/\" \/>\n<meta property=\"og:site_name\" content=\"Bruggeman\" \/>\n<meta property=\"article:modified_time\" content=\"2021-10-20T13:33:21+00:00\" \/>\n<meta name=\"twitter:card\" content=\"summary_large_image\" \/>\n<meta name=\"twitter:label1\" content=\"Dur\u00e9e de lecture estim\u00e9e\" \/>\n\t<meta name=\"twitter:data1\" content=\"7 minutes\" \/>\n<script type=\"application\/ld+json\" class=\"yoast-schema-graph\">{\"@context\":\"https:\/\/schema.org\",\"@graph\":[{\"@type\":\"WebPage\",\"@id\":\"https:\/\/bruggemanyeast.com\/fr\/conditions-generales-dutilisation\/\",\"url\":\"https:\/\/bruggemanyeast.com\/fr\/conditions-generales-dutilisation\/\",\"name\":\"Conditions g\u00e9n\u00e9rales d\u2019utilisation - Bruggeman\",\"isPartOf\":{\"@id\":\"https:\/\/bruggemanyeast.com\/#website\"},\"datePublished\":\"2021-10-20T13:32:48+00:00\",\"dateModified\":\"2021-10-20T13:33:21+00:00\",\"breadcrumb\":{\"@id\":\"https:\/\/bruggemanyeast.com\/fr\/conditions-generales-dutilisation\/#breadcrumb\"},\"inLanguage\":\"fr-FR\",\"potentialAction\":[{\"@type\":\"ReadAction\",\"target\":[\"https:\/\/bruggemanyeast.com\/fr\/conditions-generales-dutilisation\/\"]}]},{\"@type\":\"BreadcrumbList\",\"@id\":\"https:\/\/bruggemanyeast.com\/fr\/conditions-generales-dutilisation\/#breadcrumb\",\"itemListElement\":[{\"@type\":\"ListItem\",\"position\":1,\"name\":\"Home\",\"item\":\"https:\/\/bruggemanyeast.com\/fr\/\"},{\"@type\":\"ListItem\",\"position\":2,\"name\":\"Conditions g\u00e9n\u00e9rales d\u2019utilisation\"}]},{\"@type\":\"WebSite\",\"@id\":\"https:\/\/bruggemanyeast.com\/#website\",\"url\":\"https:\/\/bruggemanyeast.com\/\",\"name\":\"Bruggeman\",\"description\":\"Boosting Bakers Since 1949\",\"potentialAction\":[{\"@type\":\"SearchAction\",\"target\":{\"@type\":\"EntryPoint\",\"urlTemplate\":\"https:\/\/bruggemanyeast.com\/?s={search_term_string}\"},\"query-input\":\"required name=search_term_string\"}],\"inLanguage\":\"fr-FR\"}]}<\/script>\n<!-- \/ Yoast SEO plugin. -->","yoast_head_json":{"title":"Conditions g\u00e9n\u00e9rales d\u2019utilisation - Bruggeman","robots":{"index":"index","follow":"follow","max-snippet":"max-snippet:-1","max-image-preview":"max-image-preview:large","max-video-preview":"max-video-preview:-1"},"canonical":"https:\/\/bruggemanyeast.com\/fr\/conditions-generales-dutilisation\/","og_locale":"fr_FR","og_type":"article","og_title":"Conditions g\u00e9n\u00e9rales d\u2019utilisation - Bruggeman","og_description":"Conditions g\u00e9n\u00e9rales d\u2019utilisation \/ Politique de confidentialit\u00e9 et cookies Conditions g\u00e9n\u00e9rales d\u2019utilisation du site Web Directeur de la publication du site Web Le directeur de la publication du site Web est Algist Bruggeman NV, dont le si\u00e8ge social est sis Langerbruggekaai 37, 9000 GAND, une soci\u00e9t\u00e9 belge immatricul\u00e9e \u00e0 la Banque-Carrefour des Entreprises (registre central [...]Lire la suite...","og_url":"https:\/\/bruggemanyeast.com\/fr\/conditions-generales-dutilisation\/","og_site_name":"Bruggeman","article_modified_time":"2021-10-20T13:33:21+00:00","twitter_card":"summary_large_image","twitter_misc":{"Dur\u00e9e de lecture estim\u00e9e":"7 minutes"},"schema":{"@context":"https:\/\/schema.org","@graph":[{"@type":"WebPage","@id":"https:\/\/bruggemanyeast.com\/fr\/conditions-generales-dutilisation\/","url":"https:\/\/bruggemanyeast.com\/fr\/conditions-generales-dutilisation\/","name":"Conditions g\u00e9n\u00e9rales d\u2019utilisation - Bruggeman","isPartOf":{"@id":"https:\/\/bruggemanyeast.com\/#website"},"datePublished":"2021-10-20T13:32:48+00:00","dateModified":"2021-10-20T13:33:21+00:00","breadcrumb":{"@id":"https:\/\/bruggemanyeast.com\/fr\/conditions-generales-dutilisation\/#breadcrumb"},"inLanguage":"fr-FR","potentialAction":[{"@type":"ReadAction","target":["https:\/\/bruggemanyeast.com\/fr\/conditions-generales-dutilisation\/"]}]},{"@type":"BreadcrumbList","@id":"https:\/\/bruggemanyeast.com\/fr\/conditions-generales-dutilisation\/#breadcrumb","itemListElement":[{"@type":"ListItem","position":1,"name":"Home","item":"https:\/\/bruggemanyeast.com\/fr\/"},{"@type":"ListItem","position":2,"name":"Conditions g\u00e9n\u00e9rales d\u2019utilisation"}]},{"@type":"WebSite","@id":"https:\/\/bruggemanyeast.com\/#website","url":"https:\/\/bruggemanyeast.com\/","name":"Bruggeman","description":"Boosting Bakers Since 1949","potentialAction":[{"@type":"SearchAction","target":{"@type":"EntryPoint","urlTemplate":"https:\/\/bruggemanyeast.com\/?s={search_term_string}"},"query-input":"required name=search_term_string"}],"inLanguage":"fr-FR"}]}},"_links":{"self":[{"href":"https:\/\/bruggemanyeast.com\/fr\/wp-json\/wp\/v2\/pages\/921","targetHints":{"allow":["GET"]}}],"collection":[{"href":"https:\/\/bruggemanyeast.com\/fr\/wp-json\/wp\/v2\/pages"}],"about":[{"href":"https:\/\/bruggemanyeast.com\/fr\/wp-json\/wp\/v2\/types\/page"}],"author":[{"embeddable":true,"href":"https:\/\/bruggemanyeast.com\/fr\/wp-json\/wp\/v2\/users\/2"}],"replies":[{"embeddable":true,"href":"https:\/\/bruggemanyeast.com\/fr\/wp-json\/wp\/v2\/comments?post=921"}],"version-history":[{"count":1,"href":"https:\/\/bruggemanyeast.com\/fr\/wp-json\/wp\/v2\/pages\/921\/revisions"}],"predecessor-version":[{"id":922,"href":"https:\/\/bruggemanyeast.com\/fr\/wp-json\/wp\/v2\/pages\/921\/revisions\/922"}],"wp:attachment":[{"href":"https:\/\/bruggemanyeast.com\/fr\/wp-json\/wp\/v2\/media?parent=921"}],"curies":[{"name":"wp","href":"https:\/\/api.w.org\/{rel}","templated":true}]}}